{"id":2179,"date":"2017-05-16T19:11:04","date_gmt":"2017-05-16T18:11:04","guid":{"rendered":"https:\/\/chateaubromont.com\/chambres-hotel-chateau-bromont\/"},"modified":"2025-04-14T14:34:15","modified_gmt":"2025-04-14T19:34:15","slug":"hotel-rooms-chateau-bromont","status":"publish","type":"page","link":"https:\/\/chateaubromont.com\/en\/hotel-rooms-chateau-bromont\/","title":{"rendered":"Hotel Rooms"},"content":{"rendered":"","protected":false},"excerpt":{"rendered":"","protected":false},"author":3,"featured_media":75263,"parent":0,"menu_order":0,"comment_status":"closed","ping_status":"closed","template":"","meta":{"_acf_changed":false,"footnotes":""},"class_list":["post-2179","page","type-page","status-publish","has-post-thumbnail","hentry"],"acf":[],"yoast_head":"<!-- This site is optimized with the Yoast SEO plugin v27.0 - https:\/\/yoast.com\/product\/yoast-seo-wordpress\/ -->\n<title>Chambres de l&#039;H\u00f4tel Ch\u00e2teau-Bromont | R\u00e9servations 1.888.276.6668<\/title>\n<meta name=\"description\" content=\"Voyez les chambres de l&#039;H\u00f4tel Ch\u00e2teau-Bromont avant de r\u00e9server! Visite virtuelle disponible pour certains types de chambres. R\u00e9servations 1.888.276.6668\" \/>\n<meta name=\"robots\" content=\"index, follow, max-snippet:-1, max-image-preview:large, max-video-preview:-1\" \/>\n<link rel=\"canonical\" href=\"https:\/\/chateaubromont.com\/en\/hotel-rooms-chateau-bromont\/\" \/>\n<meta property=\"og:locale\" content=\"en_US\" \/>\n<meta property=\"og:type\" content=\"article\" \/>\n<meta property=\"og:title\" content=\"Chambres de l&#039;H\u00f4tel Ch\u00e2teau-Bromont | R\u00e9servations 1.888.276.6668\" \/>\n<meta property=\"og:description\" content=\"Voyez les chambres de l&#039;H\u00f4tel Ch\u00e2teau-Bromont avant de r\u00e9server! Visite virtuelle disponible pour certains types de chambres. R\u00e9servations 1.888.276.6668\" \/>\n<meta property=\"og:url\" content=\"https:\/\/chateaubromont.com\/en\/hotel-rooms-chateau-bromont\/\" \/>\n<meta property=\"og:site_name\" content=\"Domaine Ch\u00e2teau-Bromont\" \/>\n<meta property=\"article:modified_time\" content=\"2025-04-14T19:34:15+00:00\" \/>\n<meta property=\"og:image\" content=\"https:\/\/chateaubromont.com\/wp-content\/uploads\/2021\/03\/1200x630-thumbnail-1.jpg\" \/>\n\t<meta property=\"og:image:width\" content=\"1200\" \/>\n\t<meta property=\"og:image:height\" content=\"630\" \/>\n\t<meta property=\"og:image:type\" content=\"image\/jpeg\" \/>\n<meta name=\"twitter:card\" content=\"summary_large_image\" \/>\n<meta name=\"twitter:label1\" content=\"Est. reading time\" \/>\n\t<meta name=\"twitter:data1\" content=\"1 minute\" \/>\n<script type=\"application\/ld+json\" class=\"yoast-schema-graph\">{\"@context\":\"https:\/\/schema.org\",\"@graph\":[{\"@type\":\"WebPage\",\"@id\":\"https:\/\/chateaubromont.com\/en\/hotel-rooms-chateau-bromont\/\",\"url\":\"https:\/\/chateaubromont.com\/en\/hotel-rooms-chateau-bromont\/\",\"name\":\"Chambres de l'H\u00f4tel Ch\u00e2teau-Bromont | R\u00e9servations 1.888.276.6668\",\"isPartOf\":{\"@id\":\"https:\/\/chateaubromont.com\/#website\"},\"primaryImageOfPage\":{\"@id\":\"https:\/\/chateaubromont.com\/en\/hotel-rooms-chateau-bromont\/#primaryimage\"},\"image\":{\"@id\":\"https:\/\/chateaubromont.com\/en\/hotel-rooms-chateau-bromont\/#primaryimage\"},\"thumbnailUrl\":\"https:\/\/chateaubromont.com\/wp-content\/uploads\/2021\/03\/1200x630-thumbnail-1.jpg\",\"datePublished\":\"2017-05-16T18:11:04+00:00\",\"dateModified\":\"2025-04-14T19:34:15+00:00\",\"description\":\"Voyez les chambres de l'H\u00f4tel Ch\u00e2teau-Bromont avant de r\u00e9server! Visite virtuelle disponible pour certains types de chambres. R\u00e9servations 1.888.276.6668\",\"breadcrumb\":{\"@id\":\"https:\/\/chateaubromont.com\/en\/hotel-rooms-chateau-bromont\/#breadcrumb\"},\"inLanguage\":\"en-CA\",\"potentialAction\":[{\"@type\":\"ReadAction\",\"target\":[\"https:\/\/chateaubromont.com\/en\/hotel-rooms-chateau-bromont\/\"]}]},{\"@type\":\"ImageObject\",\"inLanguage\":\"en-CA\",\"@id\":\"https:\/\/chateaubromont.com\/en\/hotel-rooms-chateau-bromont\/#primaryimage\",\"url\":\"https:\/\/chateaubromont.com\/wp-content\/uploads\/2021\/03\/1200x630-thumbnail-1.jpg\",\"contentUrl\":\"https:\/\/chateaubromont.com\/wp-content\/uploads\/2021\/03\/1200x630-thumbnail-1.jpg\",\"width\":1200,\"height\":630},{\"@type\":\"BreadcrumbList\",\"@id\":\"https:\/\/chateaubromont.com\/en\/hotel-rooms-chateau-bromont\/#breadcrumb\",\"itemListElement\":[{\"@type\":\"ListItem\",\"position\":1,\"name\":\"Home\",\"item\":\"https:\/\/chateaubromont.com\/en\/\"},{\"@type\":\"ListItem\",\"position\":2,\"name\":\"Hotel Rooms\"}]},{\"@type\":\"WebSite\",\"@id\":\"https:\/\/chateaubromont.com\/#website\",\"url\":\"https:\/\/chateaubromont.com\/\",\"name\":\"Domaine Ch\u00e2teau-Bromont\",\"description\":\"L&#039;espace d&#039;un instant\",\"publisher\":{\"@id\":\"https:\/\/chateaubromont.com\/#organization\"},\"potentialAction\":[{\"@type\":\"SearchAction\",\"target\":{\"@type\":\"EntryPoint\",\"urlTemplate\":\"https:\/\/chateaubromont.com\/?s={search_term_string}\"},\"query-input\":{\"@type\":\"PropertyValueSpecification\",\"valueRequired\":true,\"valueName\":\"search_term_string\"}}],\"inLanguage\":\"en-CA\"},{\"@type\":\"Organization\",\"@id\":\"https:\/\/chateaubromont.com\/#organization\",\"name\":\"Domaine Ch\u00e2teau-Bromont\",\"url\":\"https:\/\/chateaubromont.com\/\",\"logo\":{\"@type\":\"ImageObject\",\"inLanguage\":\"en-CA\",\"@id\":\"https:\/\/chateaubromont.com\/#\/schema\/logo\/image\/\",\"url\":\"https:\/\/chateaubromont.com\/wp-content\/uploads\/2017\/05\/logo-domaine-chateau-bromont-signature-blanc.svg\",\"contentUrl\":\"https:\/\/chateaubromont.com\/wp-content\/uploads\/2017\/05\/logo-domaine-chateau-bromont-signature-blanc.svg\",\"width\":1,\"height\":1,\"caption\":\"Domaine Ch\u00e2teau-Bromont\"},\"image\":{\"@id\":\"https:\/\/chateaubromont.com\/#\/schema\/logo\/image\/\"}}]}<\/script>\n<!-- \/ Yoast SEO plugin. -->","yoast_head_json":{"title":"Chambres de l'H\u00f4tel Ch\u00e2teau-Bromont | R\u00e9servations 1.888.276.6668","description":"Voyez les chambres de l'H\u00f4tel Ch\u00e2teau-Bromont avant de r\u00e9server! Visite virtuelle disponible pour certains types de chambres. R\u00e9servations 1.888.276.6668","robots":{"index":"index","follow":"follow","max-snippet":"max-snippet:-1","max-image-preview":"max-image-preview:large","max-video-preview":"max-video-preview:-1"},"canonical":"https:\/\/chateaubromont.com\/en\/hotel-rooms-chateau-bromont\/","og_locale":"en_US","og_type":"article","og_title":"Chambres de l'H\u00f4tel Ch\u00e2teau-Bromont | R\u00e9servations 1.888.276.6668","og_description":"Voyez les chambres de l'H\u00f4tel Ch\u00e2teau-Bromont avant de r\u00e9server! Visite virtuelle disponible pour certains types de chambres. R\u00e9servations 1.888.276.6668","og_url":"https:\/\/chateaubromont.com\/en\/hotel-rooms-chateau-bromont\/","og_site_name":"Domaine Ch\u00e2teau-Bromont","article_modified_time":"2025-04-14T19:34:15+00:00","og_image":[{"width":1200,"height":630,"url":"https:\/\/chateaubromont.com\/wp-content\/uploads\/2021\/03\/1200x630-thumbnail-1.jpg","type":"image\/jpeg"}],"twitter_card":"summary_large_image","twitter_misc":{"Est. reading time":"1 minute"},"schema":{"@context":"https:\/\/schema.org","@graph":[{"@type":"WebPage","@id":"https:\/\/chateaubromont.com\/en\/hotel-rooms-chateau-bromont\/","url":"https:\/\/chateaubromont.com\/en\/hotel-rooms-chateau-bromont\/","name":"Chambres de l'H\u00f4tel Ch\u00e2teau-Bromont | R\u00e9servations 1.888.276.6668","isPartOf":{"@id":"https:\/\/chateaubromont.com\/#website"},"primaryImageOfPage":{"@id":"https:\/\/chateaubromont.com\/en\/hotel-rooms-chateau-bromont\/#primaryimage"},"image":{"@id":"https:\/\/chateaubromont.com\/en\/hotel-rooms-chateau-bromont\/#primaryimage"},"thumbnailUrl":"https:\/\/chateaubromont.com\/wp-content\/uploads\/2021\/03\/1200x630-thumbnail-1.jpg","datePublished":"2017-05-16T18:11:04+00:00","dateModified":"2025-04-14T19:34:15+00:00","description":"Voyez les chambres de l'H\u00f4tel Ch\u00e2teau-Bromont avant de r\u00e9server! Visite virtuelle disponible pour certains types de chambres. R\u00e9servations 1.888.276.6668","breadcrumb":{"@id":"https:\/\/chateaubromont.com\/en\/hotel-rooms-chateau-bromont\/#breadcrumb"},"inLanguage":"en-CA","potentialAction":[{"@type":"ReadAction","target":["https:\/\/chateaubromont.com\/en\/hotel-rooms-chateau-bromont\/"]}]},{"@type":"ImageObject","inLanguage":"en-CA","@id":"https:\/\/chateaubromont.com\/en\/hotel-rooms-chateau-bromont\/#primaryimage","url":"https:\/\/chateaubromont.com\/wp-content\/uploads\/2021\/03\/1200x630-thumbnail-1.jpg","contentUrl":"https:\/\/chateaubromont.com\/wp-content\/uploads\/2021\/03\/1200x630-thumbnail-1.jpg","width":1200,"height":630},{"@type":"BreadcrumbList","@id":"https:\/\/chateaubromont.com\/en\/hotel-rooms-chateau-bromont\/#breadcrumb","itemListElement":[{"@type":"ListItem","position":1,"name":"Home","item":"https:\/\/chateaubromont.com\/en\/"},{"@type":"ListItem","position":2,"name":"Hotel Rooms"}]},{"@type":"WebSite","@id":"https:\/\/chateaubromont.com\/#website","url":"https:\/\/chateaubromont.com\/","name":"Domaine Ch\u00e2teau-Bromont","description":"L&#039;espace d&#039;un instant","publisher":{"@id":"https:\/\/chateaubromont.com\/#organization"},"potentialAction":[{"@type":"SearchAction","target":{"@type":"EntryPoint","urlTemplate":"https:\/\/chateaubromont.com\/?s={search_term_string}"},"query-input":{"@type":"PropertyValueSpecification","valueRequired":true,"valueName":"search_term_string"}}],"inLanguage":"en-CA"},{"@type":"Organization","@id":"https:\/\/chateaubromont.com\/#organization","name":"Domaine Ch\u00e2teau-Bromont","url":"https:\/\/chateaubromont.com\/","logo":{"@type":"ImageObject","inLanguage":"en-CA","@id":"https:\/\/chateaubromont.com\/#\/schema\/logo\/image\/","url":"https:\/\/chateaubromont.com\/wp-content\/uploads\/2017\/05\/logo-domaine-chateau-bromont-signature-blanc.svg","contentUrl":"https:\/\/chateaubromont.com\/wp-content\/uploads\/2017\/05\/logo-domaine-chateau-bromont-signature-blanc.svg","width":1,"height":1,"caption":"Domaine Ch\u00e2teau-Bromont"},"image":{"@id":"https:\/\/chateaubromont.com\/#\/schema\/logo\/image\/"}}]}},"_links":{"self":[{"href":"https:\/\/chateaubromont.com\/en\/wp-json\/wp\/v2\/pages\/2179","targetHints":{"allow":["GET"]}}],"collection":[{"href":"https:\/\/chateaubromont.com\/en\/wp-json\/wp\/v2\/pages"}],"about":[{"href":"https:\/\/chateaubromont.com\/en\/wp-json\/wp\/v2\/types\/page"}],"author":[{"embeddable":true,"href":"https:\/\/chateaubromont.com\/en\/wp-json\/wp\/v2\/users\/3"}],"replies":[{"embeddable":true,"href":"https:\/\/chateaubromont.com\/en\/wp-json\/wp\/v2\/comments?post=2179"}],"version-history":[{"count":16,"href":"https:\/\/chateaubromont.com\/en\/wp-json\/wp\/v2\/pages\/2179\/revisions"}],"predecessor-version":[{"id":89117,"href":"https:\/\/chateaubromont.com\/en\/wp-json\/wp\/v2\/pages\/2179\/revisions\/89117"}],"wp:featuredmedia":[{"embeddable":true,"href":"https:\/\/chateaubromont.com\/en\/wp-json\/wp\/v2\/media\/75263"}],"wp:attachment":[{"href":"https:\/\/chateaubromont.com\/en\/wp-json\/wp\/v2\/media?parent=2179"}],"curies":[{"name":"wp","href":"https:\/\/api.w.org\/{rel}","templated":true}]}}