{"id":27181,"date":"2020-07-21T03:34:35","date_gmt":"2020-07-21T02:34:35","guid":{"rendered":"https:\/\/chateaubromont.com\/?page_id=27181"},"modified":"2026-04-10T08:04:23","modified_gmt":"2026-04-10T13:04:23","slug":"jobs","status":"publish","type":"page","link":"https:\/\/chateaubromont.com\/en\/jobs\/","title":{"rendered":"Work with us"},"content":{"rendered":"","protected":false},"excerpt":{"rendered":"","protected":false},"author":79,"featured_media":0,"parent":0,"menu_order":0,"comment_status":"closed","ping_status":"closed","template":"","meta":{"_acf_changed":false,"footnotes":""},"class_list":["post-27181","page","type-page","status-publish","hentry"],"acf":[],"yoast_head":"<!-- This site is optimized with the Yoast SEO plugin v27.0 - https:\/\/yoast.com\/product\/yoast-seo-wordpress\/ -->\n<title>Travailler au Domaine Ch\u00e2teau-Bromont | Emplois disponibles<\/title>\n<meta name=\"description\" content=\"Le Domaine Ch\u00e2teau-Bromont est un lieu de vill\u00e9giature comprenant 2 \u00e9tablissements h\u00f4teliers distincts ainsi que le Golf Ch\u00e2teau-Bromont. L\u2019H\u00f4tel Ch\u00e2teau-Bromont, h\u00f4tel 4 \u00e9toiles comprenant 166 chambres, est situ\u00e9 au pied de Bromont, montagne d\u2019exp\u00e9riences et offre \u00e0 ses invit\u00e9s des instants exceptionnels gr\u00e2ce \u00e0 ses installations int\u00e9rieurs et ext\u00e9rieurs, ses restaurants, mais surtout gr\u00e2ce \u00e0 l\u2019environnement qui l\u2019entoure.\" \/>\n<meta name=\"robots\" content=\"index, follow, max-snippet:-1, max-image-preview:large, max-video-preview:-1\" \/>\n<link rel=\"canonical\" href=\"https:\/\/chateaubromont.com\/en\/jobs\/\" \/>\n<meta property=\"og:locale\" content=\"en_US\" \/>\n<meta property=\"og:type\" content=\"article\" \/>\n<meta property=\"og:title\" content=\"Travailler au Domaine Ch\u00e2teau-Bromont | Emplois disponibles\" \/>\n<meta property=\"og:description\" content=\"Le Domaine Ch\u00e2teau-Bromont est un lieu de vill\u00e9giature comprenant 2 \u00e9tablissements h\u00f4teliers distincts ainsi que le Golf Ch\u00e2teau-Bromont. L\u2019H\u00f4tel Ch\u00e2teau-Bromont, h\u00f4tel 4 \u00e9toiles comprenant 166 chambres, est situ\u00e9 au pied de Bromont, montagne d\u2019exp\u00e9riences et offre \u00e0 ses invit\u00e9s des instants exceptionnels gr\u00e2ce \u00e0 ses installations int\u00e9rieurs et ext\u00e9rieurs, ses restaurants, mais surtout gr\u00e2ce \u00e0 l\u2019environnement qui l\u2019entoure.\" \/>\n<meta property=\"og:url\" content=\"https:\/\/chateaubromont.com\/en\/jobs\/\" \/>\n<meta property=\"og:site_name\" content=\"Domaine Ch\u00e2teau-Bromont\" \/>\n<meta property=\"article:modified_time\" content=\"2026-04-10T13:04:23+00:00\" \/>\n<meta name=\"twitter:card\" content=\"summary_large_image\" \/>\n<script type=\"application\/ld+json\" class=\"yoast-schema-graph\">{\"@context\":\"https:\/\/schema.org\",\"@graph\":[{\"@type\":\"WebPage\",\"@id\":\"https:\/\/chateaubromont.com\/en\/jobs\/\",\"url\":\"https:\/\/chateaubromont.com\/en\/jobs\/\",\"name\":\"Travailler au Domaine Ch\u00e2teau-Bromont | Emplois disponibles\",\"isPartOf\":{\"@id\":\"https:\/\/chateaubromont.com\/#website\"},\"datePublished\":\"2020-07-21T02:34:35+00:00\",\"dateModified\":\"2026-04-10T13:04:23+00:00\",\"description\":\"Le Domaine Ch\u00e2teau-Bromont est un lieu de vill\u00e9giature comprenant 2 \u00e9tablissements h\u00f4teliers distincts ainsi que le Golf Ch\u00e2teau-Bromont. L\u2019H\u00f4tel Ch\u00e2teau-Bromont, h\u00f4tel 4 \u00e9toiles comprenant 166 chambres, est situ\u00e9 au pied de Bromont, montagne d\u2019exp\u00e9riences et offre \u00e0 ses invit\u00e9s des instants exceptionnels gr\u00e2ce \u00e0 ses installations int\u00e9rieurs et ext\u00e9rieurs, ses restaurants, mais surtout gr\u00e2ce \u00e0 l\u2019environnement qui l\u2019entoure.\",\"breadcrumb\":{\"@id\":\"https:\/\/chateaubromont.com\/en\/jobs\/#breadcrumb\"},\"inLanguage\":\"en-CA\",\"potentialAction\":[{\"@type\":\"ReadAction\",\"target\":[\"https:\/\/chateaubromont.com\/en\/jobs\/\"]}]},{\"@type\":\"BreadcrumbList\",\"@id\":\"https:\/\/chateaubromont.com\/en\/jobs\/#breadcrumb\",\"itemListElement\":[{\"@type\":\"ListItem\",\"position\":1,\"name\":\"Home\",\"item\":\"https:\/\/chateaubromont.com\/en\/\"},{\"@type\":\"ListItem\",\"position\":2,\"name\":\"Work with us\"}]},{\"@type\":\"WebSite\",\"@id\":\"https:\/\/chateaubromont.com\/#website\",\"url\":\"https:\/\/chateaubromont.com\/\",\"name\":\"Domaine Ch\u00e2teau-Bromont\",\"description\":\"L&#039;espace d&#039;un instant\",\"publisher\":{\"@id\":\"https:\/\/chateaubromont.com\/#organization\"},\"potentialAction\":[{\"@type\":\"SearchAction\",\"target\":{\"@type\":\"EntryPoint\",\"urlTemplate\":\"https:\/\/chateaubromont.com\/?s={search_term_string}\"},\"query-input\":{\"@type\":\"PropertyValueSpecification\",\"valueRequired\":true,\"valueName\":\"search_term_string\"}}],\"inLanguage\":\"en-CA\"},{\"@type\":\"Organization\",\"@id\":\"https:\/\/chateaubromont.com\/#organization\",\"name\":\"Domaine Ch\u00e2teau-Bromont\",\"url\":\"https:\/\/chateaubromont.com\/\",\"logo\":{\"@type\":\"ImageObject\",\"inLanguage\":\"en-CA\",\"@id\":\"https:\/\/chateaubromont.com\/#\/schema\/logo\/image\/\",\"url\":\"https:\/\/chateaubromont.com\/wp-content\/uploads\/2017\/05\/logo-domaine-chateau-bromont-signature-blanc.svg\",\"contentUrl\":\"https:\/\/chateaubromont.com\/wp-content\/uploads\/2017\/05\/logo-domaine-chateau-bromont-signature-blanc.svg\",\"width\":1,\"height\":1,\"caption\":\"Domaine Ch\u00e2teau-Bromont\"},\"image\":{\"@id\":\"https:\/\/chateaubromont.com\/#\/schema\/logo\/image\/\"}}]}<\/script>\n<!-- \/ Yoast SEO plugin. -->","yoast_head_json":{"title":"Travailler au Domaine Ch\u00e2teau-Bromont | Emplois disponibles","description":"Le Domaine Ch\u00e2teau-Bromont est un lieu de vill\u00e9giature comprenant 2 \u00e9tablissements h\u00f4teliers distincts ainsi que le Golf Ch\u00e2teau-Bromont. L\u2019H\u00f4tel Ch\u00e2teau-Bromont, h\u00f4tel 4 \u00e9toiles comprenant 166 chambres, est situ\u00e9 au pied de Bromont, montagne d\u2019exp\u00e9riences et offre \u00e0 ses invit\u00e9s des instants exceptionnels gr\u00e2ce \u00e0 ses installations int\u00e9rieurs et ext\u00e9rieurs, ses restaurants, mais surtout gr\u00e2ce \u00e0 l\u2019environnement qui l\u2019entoure.","robots":{"index":"index","follow":"follow","max-snippet":"max-snippet:-1","max-image-preview":"max-image-preview:large","max-video-preview":"max-video-preview:-1"},"canonical":"https:\/\/chateaubromont.com\/en\/jobs\/","og_locale":"en_US","og_type":"article","og_title":"Travailler au Domaine Ch\u00e2teau-Bromont | Emplois disponibles","og_description":"Le Domaine Ch\u00e2teau-Bromont est un lieu de vill\u00e9giature comprenant 2 \u00e9tablissements h\u00f4teliers distincts ainsi que le Golf Ch\u00e2teau-Bromont. L\u2019H\u00f4tel Ch\u00e2teau-Bromont, h\u00f4tel 4 \u00e9toiles comprenant 166 chambres, est situ\u00e9 au pied de Bromont, montagne d\u2019exp\u00e9riences et offre \u00e0 ses invit\u00e9s des instants exceptionnels gr\u00e2ce \u00e0 ses installations int\u00e9rieurs et ext\u00e9rieurs, ses restaurants, mais surtout gr\u00e2ce \u00e0 l\u2019environnement qui l\u2019entoure.","og_url":"https:\/\/chateaubromont.com\/en\/jobs\/","og_site_name":"Domaine Ch\u00e2teau-Bromont","article_modified_time":"2026-04-10T13:04:23+00:00","twitter_card":"summary_large_image","schema":{"@context":"https:\/\/schema.org","@graph":[{"@type":"WebPage","@id":"https:\/\/chateaubromont.com\/en\/jobs\/","url":"https:\/\/chateaubromont.com\/en\/jobs\/","name":"Travailler au Domaine Ch\u00e2teau-Bromont | Emplois disponibles","isPartOf":{"@id":"https:\/\/chateaubromont.com\/#website"},"datePublished":"2020-07-21T02:34:35+00:00","dateModified":"2026-04-10T13:04:23+00:00","description":"Le Domaine Ch\u00e2teau-Bromont est un lieu de vill\u00e9giature comprenant 2 \u00e9tablissements h\u00f4teliers distincts ainsi que le Golf Ch\u00e2teau-Bromont. L\u2019H\u00f4tel Ch\u00e2teau-Bromont, h\u00f4tel 4 \u00e9toiles comprenant 166 chambres, est situ\u00e9 au pied de Bromont, montagne d\u2019exp\u00e9riences et offre \u00e0 ses invit\u00e9s des instants exceptionnels gr\u00e2ce \u00e0 ses installations int\u00e9rieurs et ext\u00e9rieurs, ses restaurants, mais surtout gr\u00e2ce \u00e0 l\u2019environnement qui l\u2019entoure.","breadcrumb":{"@id":"https:\/\/chateaubromont.com\/en\/jobs\/#breadcrumb"},"inLanguage":"en-CA","potentialAction":[{"@type":"ReadAction","target":["https:\/\/chateaubromont.com\/en\/jobs\/"]}]},{"@type":"BreadcrumbList","@id":"https:\/\/chateaubromont.com\/en\/jobs\/#breadcrumb","itemListElement":[{"@type":"ListItem","position":1,"name":"Home","item":"https:\/\/chateaubromont.com\/en\/"},{"@type":"ListItem","position":2,"name":"Work with us"}]},{"@type":"WebSite","@id":"https:\/\/chateaubromont.com\/#website","url":"https:\/\/chateaubromont.com\/","name":"Domaine Ch\u00e2teau-Bromont","description":"L&#039;espace d&#039;un instant","publisher":{"@id":"https:\/\/chateaubromont.com\/#organization"},"potentialAction":[{"@type":"SearchAction","target":{"@type":"EntryPoint","urlTemplate":"https:\/\/chateaubromont.com\/?s={search_term_string}"},"query-input":{"@type":"PropertyValueSpecification","valueRequired":true,"valueName":"search_term_string"}}],"inLanguage":"en-CA"},{"@type":"Organization","@id":"https:\/\/chateaubromont.com\/#organization","name":"Domaine Ch\u00e2teau-Bromont","url":"https:\/\/chateaubromont.com\/","logo":{"@type":"ImageObject","inLanguage":"en-CA","@id":"https:\/\/chateaubromont.com\/#\/schema\/logo\/image\/","url":"https:\/\/chateaubromont.com\/wp-content\/uploads\/2017\/05\/logo-domaine-chateau-bromont-signature-blanc.svg","contentUrl":"https:\/\/chateaubromont.com\/wp-content\/uploads\/2017\/05\/logo-domaine-chateau-bromont-signature-blanc.svg","width":1,"height":1,"caption":"Domaine Ch\u00e2teau-Bromont"},"image":{"@id":"https:\/\/chateaubromont.com\/#\/schema\/logo\/image\/"}}]}},"_links":{"self":[{"href":"https:\/\/chateaubromont.com\/en\/wp-json\/wp\/v2\/pages\/27181","targetHints":{"allow":["GET"]}}],"collection":[{"href":"https:\/\/chateaubromont.com\/en\/wp-json\/wp\/v2\/pages"}],"about":[{"href":"https:\/\/chateaubromont.com\/en\/wp-json\/wp\/v2\/types\/page"}],"author":[{"embeddable":true,"href":"https:\/\/chateaubromont.com\/en\/wp-json\/wp\/v2\/users\/79"}],"replies":[{"embeddable":true,"href":"https:\/\/chateaubromont.com\/en\/wp-json\/wp\/v2\/comments?post=27181"}],"version-history":[{"count":178,"href":"https:\/\/chateaubromont.com\/en\/wp-json\/wp\/v2\/pages\/27181\/revisions"}],"predecessor-version":[{"id":93356,"href":"https:\/\/chateaubromont.com\/en\/wp-json\/wp\/v2\/pages\/27181\/revisions\/93356"}],"wp:attachment":[{"href":"https:\/\/chateaubromont.com\/en\/wp-json\/wp\/v2\/media?parent=27181"}],"curies":[{"name":"wp","href":"https:\/\/api.w.org\/{rel}","templated":true}]}}