{"id":82744,"date":"2023-06-21T09:50:39","date_gmt":"2023-06-21T14:50:39","guid":{"rendered":"https:\/\/chateaubromont.com\/?page_id=82744"},"modified":"2023-08-31T13:13:04","modified_gmt":"2023-08-31T18:13:04","slug":"epicurean-packages","status":"publish","type":"page","link":"https:\/\/chateaubromont.com\/en\/epicurean-packages\/","title":{"rendered":"Epicurean packages"},"content":{"rendered":"","protected":false},"excerpt":{"rendered":"","protected":false},"author":105,"featured_media":0,"parent":0,"menu_order":0,"comment_status":"closed","ping_status":"closed","template":"","meta":{"_acf_changed":false,"footnotes":""},"class_list":["post-82744","page","type-page","status-publish","hentry"],"acf":[],"yoast_head":"<!-- This site is optimized with the Yoast SEO plugin v27.0 - https:\/\/yoast.com\/product\/yoast-seo-wordpress\/ -->\n<title>H\u00f4tel Ch\u00e2teau-Bromont - Epicurean packages<\/title>\n<meta name=\"description\" content=\"Stay at H\u00f4tel Ch\u00e2teau-Bromont right next to Bromont, montagne d&#039;exp\u00e9riences. Rooms and suites, spa, pools and restaurant.\" \/>\n<meta name=\"robots\" content=\"index, follow, max-snippet:-1, max-image-preview:large, max-video-preview:-1\" \/>\n<link rel=\"canonical\" href=\"https:\/\/chateaubromont.com\/en\/epicurean-packages\/\" \/>\n<meta property=\"og:locale\" content=\"en_US\" \/>\n<meta property=\"og:type\" content=\"article\" \/>\n<meta property=\"og:title\" content=\"H\u00f4tel Ch\u00e2teau-Bromont - Epicurean packages\" \/>\n<meta property=\"og:description\" content=\"Stay at H\u00f4tel Ch\u00e2teau-Bromont right next to Bromont, montagne d&#039;exp\u00e9riences. Rooms and suites, spa, pools and restaurant.\" \/>\n<meta property=\"og:url\" content=\"https:\/\/chateaubromont.com\/en\/epicurean-packages\/\" \/>\n<meta property=\"og:site_name\" content=\"Domaine Ch\u00e2teau-Bromont\" \/>\n<meta property=\"article:modified_time\" content=\"2023-08-31T18:13:04+00:00\" \/>\n<meta name=\"twitter:card\" content=\"summary_large_image\" \/>\n<script type=\"application\/ld+json\" class=\"yoast-schema-graph\">{\"@context\":\"https:\/\/schema.org\",\"@graph\":[{\"@type\":\"WebPage\",\"@id\":\"https:\/\/chateaubromont.com\/en\/epicurean-packages\/\",\"url\":\"https:\/\/chateaubromont.com\/en\/epicurean-packages\/\",\"name\":\"H\u00f4tel Ch\u00e2teau-Bromont - Epicurean packages\",\"isPartOf\":{\"@id\":\"https:\/\/chateaubromont.com\/#website\"},\"datePublished\":\"2023-06-21T14:50:39+00:00\",\"dateModified\":\"2023-08-31T18:13:04+00:00\",\"description\":\"Stay at H\u00f4tel Ch\u00e2teau-Bromont right next to Bromont, montagne d'exp\u00e9riences. Rooms and suites, spa, pools and restaurant.\",\"breadcrumb\":{\"@id\":\"https:\/\/chateaubromont.com\/en\/epicurean-packages\/#breadcrumb\"},\"inLanguage\":\"en-CA\",\"potentialAction\":[{\"@type\":\"ReadAction\",\"target\":[\"https:\/\/chateaubromont.com\/en\/epicurean-packages\/\"]}]},{\"@type\":\"BreadcrumbList\",\"@id\":\"https:\/\/chateaubromont.com\/en\/epicurean-packages\/#breadcrumb\",\"itemListElement\":[{\"@type\":\"ListItem\",\"position\":1,\"name\":\"Home\",\"item\":\"https:\/\/chateaubromont.com\/en\/\"},{\"@type\":\"ListItem\",\"position\":2,\"name\":\"Epicurean packages\"}]},{\"@type\":\"WebSite\",\"@id\":\"https:\/\/chateaubromont.com\/#website\",\"url\":\"https:\/\/chateaubromont.com\/\",\"name\":\"Domaine Ch\u00e2teau-Bromont\",\"description\":\"L&#039;espace d&#039;un instant\",\"publisher\":{\"@id\":\"https:\/\/chateaubromont.com\/#organization\"},\"potentialAction\":[{\"@type\":\"SearchAction\",\"target\":{\"@type\":\"EntryPoint\",\"urlTemplate\":\"https:\/\/chateaubromont.com\/?s={search_term_string}\"},\"query-input\":{\"@type\":\"PropertyValueSpecification\",\"valueRequired\":true,\"valueName\":\"search_term_string\"}}],\"inLanguage\":\"en-CA\"},{\"@type\":\"Organization\",\"@id\":\"https:\/\/chateaubromont.com\/#organization\",\"name\":\"Domaine Ch\u00e2teau-Bromont\",\"url\":\"https:\/\/chateaubromont.com\/\",\"logo\":{\"@type\":\"ImageObject\",\"inLanguage\":\"en-CA\",\"@id\":\"https:\/\/chateaubromont.com\/#\/schema\/logo\/image\/\",\"url\":\"https:\/\/chateaubromont.com\/wp-content\/uploads\/2017\/05\/logo-domaine-chateau-bromont-signature-blanc.svg\",\"contentUrl\":\"https:\/\/chateaubromont.com\/wp-content\/uploads\/2017\/05\/logo-domaine-chateau-bromont-signature-blanc.svg\",\"width\":1,\"height\":1,\"caption\":\"Domaine Ch\u00e2teau-Bromont\"},\"image\":{\"@id\":\"https:\/\/chateaubromont.com\/#\/schema\/logo\/image\/\"}}]}<\/script>\n<!-- \/ Yoast SEO plugin. -->","yoast_head_json":{"title":"H\u00f4tel Ch\u00e2teau-Bromont - Epicurean packages","description":"Stay at H\u00f4tel Ch\u00e2teau-Bromont right next to Bromont, montagne d'exp\u00e9riences. Rooms and suites, spa, pools and restaurant.","robots":{"index":"index","follow":"follow","max-snippet":"max-snippet:-1","max-image-preview":"max-image-preview:large","max-video-preview":"max-video-preview:-1"},"canonical":"https:\/\/chateaubromont.com\/en\/epicurean-packages\/","og_locale":"en_US","og_type":"article","og_title":"H\u00f4tel Ch\u00e2teau-Bromont - Epicurean packages","og_description":"Stay at H\u00f4tel Ch\u00e2teau-Bromont right next to Bromont, montagne d'exp\u00e9riences. Rooms and suites, spa, pools and restaurant.","og_url":"https:\/\/chateaubromont.com\/en\/epicurean-packages\/","og_site_name":"Domaine Ch\u00e2teau-Bromont","article_modified_time":"2023-08-31T18:13:04+00:00","twitter_card":"summary_large_image","schema":{"@context":"https:\/\/schema.org","@graph":[{"@type":"WebPage","@id":"https:\/\/chateaubromont.com\/en\/epicurean-packages\/","url":"https:\/\/chateaubromont.com\/en\/epicurean-packages\/","name":"H\u00f4tel Ch\u00e2teau-Bromont - Epicurean packages","isPartOf":{"@id":"https:\/\/chateaubromont.com\/#website"},"datePublished":"2023-06-21T14:50:39+00:00","dateModified":"2023-08-31T18:13:04+00:00","description":"Stay at H\u00f4tel Ch\u00e2teau-Bromont right next to Bromont, montagne d'exp\u00e9riences. Rooms and suites, spa, pools and restaurant.","breadcrumb":{"@id":"https:\/\/chateaubromont.com\/en\/epicurean-packages\/#breadcrumb"},"inLanguage":"en-CA","potentialAction":[{"@type":"ReadAction","target":["https:\/\/chateaubromont.com\/en\/epicurean-packages\/"]}]},{"@type":"BreadcrumbList","@id":"https:\/\/chateaubromont.com\/en\/epicurean-packages\/#breadcrumb","itemListElement":[{"@type":"ListItem","position":1,"name":"Home","item":"https:\/\/chateaubromont.com\/en\/"},{"@type":"ListItem","position":2,"name":"Epicurean packages"}]},{"@type":"WebSite","@id":"https:\/\/chateaubromont.com\/#website","url":"https:\/\/chateaubromont.com\/","name":"Domaine Ch\u00e2teau-Bromont","description":"L&#039;espace d&#039;un instant","publisher":{"@id":"https:\/\/chateaubromont.com\/#organization"},"potentialAction":[{"@type":"SearchAction","target":{"@type":"EntryPoint","urlTemplate":"https:\/\/chateaubromont.com\/?s={search_term_string}"},"query-input":{"@type":"PropertyValueSpecification","valueRequired":true,"valueName":"search_term_string"}}],"inLanguage":"en-CA"},{"@type":"Organization","@id":"https:\/\/chateaubromont.com\/#organization","name":"Domaine Ch\u00e2teau-Bromont","url":"https:\/\/chateaubromont.com\/","logo":{"@type":"ImageObject","inLanguage":"en-CA","@id":"https:\/\/chateaubromont.com\/#\/schema\/logo\/image\/","url":"https:\/\/chateaubromont.com\/wp-content\/uploads\/2017\/05\/logo-domaine-chateau-bromont-signature-blanc.svg","contentUrl":"https:\/\/chateaubromont.com\/wp-content\/uploads\/2017\/05\/logo-domaine-chateau-bromont-signature-blanc.svg","width":1,"height":1,"caption":"Domaine Ch\u00e2teau-Bromont"},"image":{"@id":"https:\/\/chateaubromont.com\/#\/schema\/logo\/image\/"}}]}},"_links":{"self":[{"href":"https:\/\/chateaubromont.com\/en\/wp-json\/wp\/v2\/pages\/82744","targetHints":{"allow":["GET"]}}],"collection":[{"href":"https:\/\/chateaubromont.com\/en\/wp-json\/wp\/v2\/pages"}],"about":[{"href":"https:\/\/chateaubromont.com\/en\/wp-json\/wp\/v2\/types\/page"}],"author":[{"embeddable":true,"href":"https:\/\/chateaubromont.com\/en\/wp-json\/wp\/v2\/users\/105"}],"replies":[{"embeddable":true,"href":"https:\/\/chateaubromont.com\/en\/wp-json\/wp\/v2\/comments?post=82744"}],"version-history":[{"count":2,"href":"https:\/\/chateaubromont.com\/en\/wp-json\/wp\/v2\/pages\/82744\/revisions"}],"predecessor-version":[{"id":83273,"href":"https:\/\/chateaubromont.com\/en\/wp-json\/wp\/v2\/pages\/82744\/revisions\/83273"}],"wp:attachment":[{"href":"https:\/\/chateaubromont.com\/en\/wp-json\/wp\/v2\/media?parent=82744"}],"curies":[{"name":"wp","href":"https:\/\/api.w.org\/{rel}","templated":true}]}}