{"id":85898,"date":"2024-05-31T13:11:37","date_gmt":"2024-05-31T18:11:37","guid":{"rendered":"https:\/\/chateaubromont.com\/?page_id=85898"},"modified":"2025-08-12T14:59:16","modified_gmt":"2025-08-12T19:59:16","slug":"bromont-and-surroundings-tours","status":"publish","type":"page","link":"https:\/\/chateaubromont.com\/en\/bromont-and-surroundings-tours\/","title":{"rendered":"Bromont and Surroundings Tours"},"content":{"rendered":"","protected":false},"excerpt":{"rendered":"","protected":false},"author":207,"featured_media":0,"parent":0,"menu_order":0,"comment_status":"closed","ping_status":"closed","template":"","meta":{"_acf_changed":false,"footnotes":""},"class_list":["post-85898","page","type-page","status-publish","hentry"],"acf":[],"yoast_head":"<!-- This site is optimized with the Yoast SEO plugin v27.0 - https:\/\/yoast.com\/product\/yoast-seo-wordpress\/ -->\n<title>Bromont and Surroundings Tours - Domaine Ch\u00e2teau-Bromont<\/title>\n<meta name=\"description\" content=\"Discover the hidden treasures of the Eastern Townships with our 3-day themed tours around H\u00f4tel Ch\u00e2teau-Bromont: family, gourmet, nature...\" \/>\n<meta name=\"robots\" content=\"index, follow, max-snippet:-1, max-image-preview:large, max-video-preview:-1\" \/>\n<link rel=\"canonical\" href=\"https:\/\/chateaubromont.com\/en\/bromont-and-surroundings-tours\/\" \/>\n<meta property=\"og:locale\" content=\"en_US\" \/>\n<meta property=\"og:type\" content=\"article\" \/>\n<meta property=\"og:title\" content=\"Bromont and Surroundings Tours - Domaine Ch\u00e2teau-Bromont\" \/>\n<meta property=\"og:description\" content=\"Discover the hidden treasures of Bromont and the Eastern Townships with our 3-day themed tours around H\u00f4tel Ch\u00e2teau-Bromont: gourmet, outdoor, family...\" \/>\n<meta property=\"og:url\" content=\"https:\/\/chateaubromont.com\/en\/bromont-and-surroundings-tours\/\" \/>\n<meta property=\"og:site_name\" content=\"Domaine Ch\u00e2teau-Bromont\" \/>\n<meta property=\"article:modified_time\" content=\"2025-08-12T19:59:16+00:00\" \/>\n<meta name=\"twitter:card\" content=\"summary_large_image\" \/>\n<script type=\"application\/ld+json\" class=\"yoast-schema-graph\">{\"@context\":\"https:\/\/schema.org\",\"@graph\":[{\"@type\":\"WebPage\",\"@id\":\"https:\/\/chateaubromont.com\/en\/bromont-and-surroundings-tours\/\",\"url\":\"https:\/\/chateaubromont.com\/en\/bromont-and-surroundings-tours\/\",\"name\":\"Bromont and Surroundings Tours - Domaine Ch\u00e2teau-Bromont\",\"isPartOf\":{\"@id\":\"https:\/\/chateaubromont.com\/#website\"},\"datePublished\":\"2024-05-31T18:11:37+00:00\",\"dateModified\":\"2025-08-12T19:59:16+00:00\",\"description\":\"Discover the hidden treasures of the Eastern Townships with our 3-day themed tours around H\u00f4tel Ch\u00e2teau-Bromont: family, gourmet, nature...\",\"breadcrumb\":{\"@id\":\"https:\/\/chateaubromont.com\/en\/bromont-and-surroundings-tours\/#breadcrumb\"},\"inLanguage\":\"en-CA\",\"potentialAction\":[{\"@type\":\"ReadAction\",\"target\":[\"https:\/\/chateaubromont.com\/en\/bromont-and-surroundings-tours\/\"]}]},{\"@type\":\"BreadcrumbList\",\"@id\":\"https:\/\/chateaubromont.com\/en\/bromont-and-surroundings-tours\/#breadcrumb\",\"itemListElement\":[{\"@type\":\"ListItem\",\"position\":1,\"name\":\"Home\",\"item\":\"https:\/\/chateaubromont.com\/en\/\"},{\"@type\":\"ListItem\",\"position\":2,\"name\":\"Bromont and Surroundings Tours\"}]},{\"@type\":\"WebSite\",\"@id\":\"https:\/\/chateaubromont.com\/#website\",\"url\":\"https:\/\/chateaubromont.com\/\",\"name\":\"Domaine Ch\u00e2teau-Bromont\",\"description\":\"L&#039;espace d&#039;un instant\",\"publisher\":{\"@id\":\"https:\/\/chateaubromont.com\/#organization\"},\"potentialAction\":[{\"@type\":\"SearchAction\",\"target\":{\"@type\":\"EntryPoint\",\"urlTemplate\":\"https:\/\/chateaubromont.com\/?s={search_term_string}\"},\"query-input\":{\"@type\":\"PropertyValueSpecification\",\"valueRequired\":true,\"valueName\":\"search_term_string\"}}],\"inLanguage\":\"en-CA\"},{\"@type\":\"Organization\",\"@id\":\"https:\/\/chateaubromont.com\/#organization\",\"name\":\"Domaine Ch\u00e2teau-Bromont\",\"url\":\"https:\/\/chateaubromont.com\/\",\"logo\":{\"@type\":\"ImageObject\",\"inLanguage\":\"en-CA\",\"@id\":\"https:\/\/chateaubromont.com\/#\/schema\/logo\/image\/\",\"url\":\"https:\/\/chateaubromont.com\/wp-content\/uploads\/2017\/05\/logo-domaine-chateau-bromont-signature-blanc.svg\",\"contentUrl\":\"https:\/\/chateaubromont.com\/wp-content\/uploads\/2017\/05\/logo-domaine-chateau-bromont-signature-blanc.svg\",\"width\":1,\"height\":1,\"caption\":\"Domaine Ch\u00e2teau-Bromont\"},\"image\":{\"@id\":\"https:\/\/chateaubromont.com\/#\/schema\/logo\/image\/\"}}]}<\/script>\n<!-- \/ Yoast SEO plugin. -->","yoast_head_json":{"title":"Bromont and Surroundings Tours - Domaine Ch\u00e2teau-Bromont","description":"Discover the hidden treasures of the Eastern Townships with our 3-day themed tours around H\u00f4tel Ch\u00e2teau-Bromont: family, gourmet, nature...","robots":{"index":"index","follow":"follow","max-snippet":"max-snippet:-1","max-image-preview":"max-image-preview:large","max-video-preview":"max-video-preview:-1"},"canonical":"https:\/\/chateaubromont.com\/en\/bromont-and-surroundings-tours\/","og_locale":"en_US","og_type":"article","og_title":"Bromont and Surroundings Tours - Domaine Ch\u00e2teau-Bromont","og_description":"Discover the hidden treasures of Bromont and the Eastern Townships with our 3-day themed tours around H\u00f4tel Ch\u00e2teau-Bromont: gourmet, outdoor, family...","og_url":"https:\/\/chateaubromont.com\/en\/bromont-and-surroundings-tours\/","og_site_name":"Domaine Ch\u00e2teau-Bromont","article_modified_time":"2025-08-12T19:59:16+00:00","twitter_card":"summary_large_image","schema":{"@context":"https:\/\/schema.org","@graph":[{"@type":"WebPage","@id":"https:\/\/chateaubromont.com\/en\/bromont-and-surroundings-tours\/","url":"https:\/\/chateaubromont.com\/en\/bromont-and-surroundings-tours\/","name":"Bromont and Surroundings Tours - Domaine Ch\u00e2teau-Bromont","isPartOf":{"@id":"https:\/\/chateaubromont.com\/#website"},"datePublished":"2024-05-31T18:11:37+00:00","dateModified":"2025-08-12T19:59:16+00:00","description":"Discover the hidden treasures of the Eastern Townships with our 3-day themed tours around H\u00f4tel Ch\u00e2teau-Bromont: family, gourmet, nature...","breadcrumb":{"@id":"https:\/\/chateaubromont.com\/en\/bromont-and-surroundings-tours\/#breadcrumb"},"inLanguage":"en-CA","potentialAction":[{"@type":"ReadAction","target":["https:\/\/chateaubromont.com\/en\/bromont-and-surroundings-tours\/"]}]},{"@type":"BreadcrumbList","@id":"https:\/\/chateaubromont.com\/en\/bromont-and-surroundings-tours\/#breadcrumb","itemListElement":[{"@type":"ListItem","position":1,"name":"Home","item":"https:\/\/chateaubromont.com\/en\/"},{"@type":"ListItem","position":2,"name":"Bromont and Surroundings Tours"}]},{"@type":"WebSite","@id":"https:\/\/chateaubromont.com\/#website","url":"https:\/\/chateaubromont.com\/","name":"Domaine Ch\u00e2teau-Bromont","description":"L&#039;espace d&#039;un instant","publisher":{"@id":"https:\/\/chateaubromont.com\/#organization"},"potentialAction":[{"@type":"SearchAction","target":{"@type":"EntryPoint","urlTemplate":"https:\/\/chateaubromont.com\/?s={search_term_string}"},"query-input":{"@type":"PropertyValueSpecification","valueRequired":true,"valueName":"search_term_string"}}],"inLanguage":"en-CA"},{"@type":"Organization","@id":"https:\/\/chateaubromont.com\/#organization","name":"Domaine Ch\u00e2teau-Bromont","url":"https:\/\/chateaubromont.com\/","logo":{"@type":"ImageObject","inLanguage":"en-CA","@id":"https:\/\/chateaubromont.com\/#\/schema\/logo\/image\/","url":"https:\/\/chateaubromont.com\/wp-content\/uploads\/2017\/05\/logo-domaine-chateau-bromont-signature-blanc.svg","contentUrl":"https:\/\/chateaubromont.com\/wp-content\/uploads\/2017\/05\/logo-domaine-chateau-bromont-signature-blanc.svg","width":1,"height":1,"caption":"Domaine Ch\u00e2teau-Bromont"},"image":{"@id":"https:\/\/chateaubromont.com\/#\/schema\/logo\/image\/"}}]}},"_links":{"self":[{"href":"https:\/\/chateaubromont.com\/en\/wp-json\/wp\/v2\/pages\/85898","targetHints":{"allow":["GET"]}}],"collection":[{"href":"https:\/\/chateaubromont.com\/en\/wp-json\/wp\/v2\/pages"}],"about":[{"href":"https:\/\/chateaubromont.com\/en\/wp-json\/wp\/v2\/types\/page"}],"author":[{"embeddable":true,"href":"https:\/\/chateaubromont.com\/en\/wp-json\/wp\/v2\/users\/207"}],"replies":[{"embeddable":true,"href":"https:\/\/chateaubromont.com\/en\/wp-json\/wp\/v2\/comments?post=85898"}],"version-history":[{"count":16,"href":"https:\/\/chateaubromont.com\/en\/wp-json\/wp\/v2\/pages\/85898\/revisions"}],"predecessor-version":[{"id":90468,"href":"https:\/\/chateaubromont.com\/en\/wp-json\/wp\/v2\/pages\/85898\/revisions\/90468"}],"wp:attachment":[{"href":"https:\/\/chateaubromont.com\/en\/wp-json\/wp\/v2\/media?parent=85898"}],"curies":[{"name":"wp","href":"https:\/\/api.w.org\/{rel}","templated":true}]}}