{"id":86047,"date":"2024-06-03T08:20:42","date_gmt":"2024-06-03T13:20:42","guid":{"rendered":"https:\/\/chateaubromont.com\/?page_id=86047"},"modified":"2024-06-03T08:49:28","modified_gmt":"2024-06-03T13:49:28","slug":"contest","status":"publish","type":"page","link":"https:\/\/chateaubromont.com\/en\/contest\/","title":{"rendered":"Contest &#8211; Domaine Ch\u00e2teau-Bromont"},"content":{"rendered":"","protected":false},"excerpt":{"rendered":"","protected":false},"author":105,"featured_media":80236,"parent":0,"menu_order":0,"comment_status":"closed","ping_status":"closed","template":"","meta":{"_acf_changed":false,"footnotes":""},"class_list":["post-86047","page","type-page","status-publish","has-post-thumbnail","hentry"],"acf":[],"yoast_head":"<!-- This site is optimized with the Yoast SEO plugin v27.4 - https:\/\/yoast.com\/product\/yoast-seo-wordpress\/ -->\n<title>Contest - Domaine Ch\u00e2teau-Bromont - Domaine Ch\u00e2teau-Bromont<\/title>\n<meta name=\"description\" content=\"We&#039;re giving you the chance to win an $800 stay at the H\u00f4tel Ch\u00e2teau-Bromont.\" \/>\n<meta name=\"robots\" content=\"index, follow, max-snippet:-1, max-image-preview:large, max-video-preview:-1\" \/>\n<link rel=\"canonical\" href=\"https:\/\/chateaubromont.com\/en\/contest\/\" \/>\n<meta property=\"og:locale\" content=\"en_US\" \/>\n<meta property=\"og:type\" content=\"article\" \/>\n<meta property=\"og:title\" content=\"Contest - Domaine Ch\u00e2teau-Bromont\" \/>\n<meta property=\"og:description\" content=\"We&#039;re giving you the chance to win an $800 stay at the H\u00f4tel Ch\u00e2teau-Bromont.\" \/>\n<meta property=\"og:url\" content=\"https:\/\/chateaubromont.com\/en\/contest\/\" \/>\n<meta property=\"og:site_name\" content=\"Domaine Ch\u00e2teau-Bromont\" \/>\n<meta property=\"article:modified_time\" content=\"2024-06-03T13:49:28+00:00\" \/>\n<meta property=\"og:image\" content=\"https:\/\/chateaubromont.com\/wp-content\/uploads\/2022\/09\/2021-07-04_Domaine-Chateau-Bromont_E21-46_808x553.jpg\" \/>\n\t<meta property=\"og:image:width\" content=\"808\" \/>\n\t<meta property=\"og:image:height\" content=\"553\" \/>\n\t<meta property=\"og:image:type\" content=\"image\/jpeg\" \/>\n<meta name=\"twitter:card\" content=\"summary_large_image\" \/>\n<meta name=\"twitter:title\" content=\"L\u2019instant d\u2019approche\" \/>\n<meta name=\"twitter:description\" content=\"Gagner un forfait \u00ab L\u2019instant d\u2019approche \u00bb valide pour 2 personnes comprenant : Une nuit\u00e9e \u00e0 l&#039;H\u00f4tel Ch\u00e2teau-Bromont D\u00e9jeuner complet, 1 ronde de golf avec voiturette au Golf Ch\u00e2teau-Bromont et une d\u00e9gustation gratuite dans 3 vignobles de la r\u00e9gion.D\u2019une valeur de 298$. Le concours se termine le 13 juin 2019 \u00e0 midi.\" \/>\n<meta name=\"twitter:image\" content=\"https:\/\/chateaubromont.com\/wp-content\/uploads\/2019\/05\/DCB_Concours_entete_fetes_peres_facebook.jpg\" \/>\n<meta name=\"twitter:label1\" content=\"Est. reading time\" \/>\n\t<meta name=\"twitter:data1\" content=\"1 minute\" \/>\n<script type=\"application\/ld+json\" class=\"yoast-schema-graph\">{\"@context\":\"https:\\\/\\\/schema.org\",\"@graph\":[{\"@type\":\"WebPage\",\"@id\":\"https:\\\/\\\/chateaubromont.com\\\/en\\\/contest\\\/\",\"url\":\"https:\\\/\\\/chateaubromont.com\\\/en\\\/contest\\\/\",\"name\":\"Contest - Domaine Ch\u00e2teau-Bromont - Domaine Ch\u00e2teau-Bromont\",\"isPartOf\":{\"@id\":\"https:\\\/\\\/chateaubromont.com\\\/#website\"},\"primaryImageOfPage\":{\"@id\":\"https:\\\/\\\/chateaubromont.com\\\/en\\\/contest\\\/#primaryimage\"},\"image\":{\"@id\":\"https:\\\/\\\/chateaubromont.com\\\/en\\\/contest\\\/#primaryimage\"},\"thumbnailUrl\":\"https:\\\/\\\/chateaubromont.com\\\/wp-content\\\/uploads\\\/2022\\\/09\\\/2021-07-04_Domaine-Chateau-Bromont_E21-46_808x553.jpg\",\"datePublished\":\"2024-06-03T13:20:42+00:00\",\"dateModified\":\"2024-06-03T13:49:28+00:00\",\"description\":\"We're giving you the chance to win an $800 stay at the H\u00f4tel Ch\u00e2teau-Bromont.\",\"breadcrumb\":{\"@id\":\"https:\\\/\\\/chateaubromont.com\\\/en\\\/contest\\\/#breadcrumb\"},\"inLanguage\":\"en-CA\",\"potentialAction\":[{\"@type\":\"ReadAction\",\"target\":[\"https:\\\/\\\/chateaubromont.com\\\/en\\\/contest\\\/\"]}]},{\"@type\":\"ImageObject\",\"inLanguage\":\"en-CA\",\"@id\":\"https:\\\/\\\/chateaubromont.com\\\/en\\\/contest\\\/#primaryimage\",\"url\":\"https:\\\/\\\/chateaubromont.com\\\/wp-content\\\/uploads\\\/2022\\\/09\\\/2021-07-04_Domaine-Chateau-Bromont_E21-46_808x553.jpg\",\"contentUrl\":\"https:\\\/\\\/chateaubromont.com\\\/wp-content\\\/uploads\\\/2022\\\/09\\\/2021-07-04_Domaine-Chateau-Bromont_E21-46_808x553.jpg\",\"width\":808,\"height\":553},{\"@type\":\"BreadcrumbList\",\"@id\":\"https:\\\/\\\/chateaubromont.com\\\/en\\\/contest\\\/#breadcrumb\",\"itemListElement\":[{\"@type\":\"ListItem\",\"position\":1,\"name\":\"Home\",\"item\":\"https:\\\/\\\/chateaubromont.com\\\/en\\\/\"},{\"@type\":\"ListItem\",\"position\":2,\"name\":\"Contest &#8211; Domaine Ch\u00e2teau-Bromont\"}]},{\"@type\":\"WebSite\",\"@id\":\"https:\\\/\\\/chateaubromont.com\\\/#website\",\"url\":\"https:\\\/\\\/chateaubromont.com\\\/\",\"name\":\"Domaine Ch\u00e2teau-Bromont\",\"description\":\"L&#039;espace d&#039;un instant\",\"publisher\":{\"@id\":\"https:\\\/\\\/chateaubromont.com\\\/#organization\"},\"potentialAction\":[{\"@type\":\"SearchAction\",\"target\":{\"@type\":\"EntryPoint\",\"urlTemplate\":\"https:\\\/\\\/chateaubromont.com\\\/?s={search_term_string}\"},\"query-input\":{\"@type\":\"PropertyValueSpecification\",\"valueRequired\":true,\"valueName\":\"search_term_string\"}}],\"inLanguage\":\"en-CA\"},{\"@type\":\"Organization\",\"@id\":\"https:\\\/\\\/chateaubromont.com\\\/#organization\",\"name\":\"Domaine Ch\u00e2teau-Bromont\",\"url\":\"https:\\\/\\\/chateaubromont.com\\\/\",\"logo\":{\"@type\":\"ImageObject\",\"inLanguage\":\"en-CA\",\"@id\":\"https:\\\/\\\/chateaubromont.com\\\/#\\\/schema\\\/logo\\\/image\\\/\",\"url\":\"https:\\\/\\\/chateaubromont.com\\\/wp-content\\\/uploads\\\/2017\\\/05\\\/logo-domaine-chateau-bromont-signature-blanc.svg\",\"contentUrl\":\"https:\\\/\\\/chateaubromont.com\\\/wp-content\\\/uploads\\\/2017\\\/05\\\/logo-domaine-chateau-bromont-signature-blanc.svg\",\"width\":1,\"height\":1,\"caption\":\"Domaine Ch\u00e2teau-Bromont\"},\"image\":{\"@id\":\"https:\\\/\\\/chateaubromont.com\\\/#\\\/schema\\\/logo\\\/image\\\/\"}}]}<\/script>\n<!-- \/ Yoast SEO plugin. -->","yoast_head_json":{"title":"Contest - Domaine Ch\u00e2teau-Bromont - Domaine Ch\u00e2teau-Bromont","description":"We're giving you the chance to win an $800 stay at the H\u00f4tel Ch\u00e2teau-Bromont.","robots":{"index":"index","follow":"follow","max-snippet":"max-snippet:-1","max-image-preview":"max-image-preview:large","max-video-preview":"max-video-preview:-1"},"canonical":"https:\/\/chateaubromont.com\/en\/contest\/","og_locale":"en_US","og_type":"article","og_title":"Contest - Domaine Ch\u00e2teau-Bromont","og_description":"We're giving you the chance to win an $800 stay at the H\u00f4tel Ch\u00e2teau-Bromont.","og_url":"https:\/\/chateaubromont.com\/en\/contest\/","og_site_name":"Domaine Ch\u00e2teau-Bromont","article_modified_time":"2024-06-03T13:49:28+00:00","og_image":[{"width":808,"height":553,"url":"https:\/\/chateaubromont.com\/wp-content\/uploads\/2022\/09\/2021-07-04_Domaine-Chateau-Bromont_E21-46_808x553.jpg","type":"image\/jpeg"}],"twitter_card":"summary_large_image","twitter_title":"L\u2019instant d\u2019approche","twitter_description":"Gagner un forfait \u00ab L\u2019instant d\u2019approche \u00bb valide pour 2 personnes comprenant : Une nuit\u00e9e \u00e0 l'H\u00f4tel Ch\u00e2teau-Bromont D\u00e9jeuner complet, 1 ronde de golf avec voiturette au Golf Ch\u00e2teau-Bromont et une d\u00e9gustation gratuite dans 3 vignobles de la r\u00e9gion.D\u2019une valeur de 298$. Le concours se termine le 13 juin 2019 \u00e0 midi.","twitter_image":"https:\/\/chateaubromont.com\/wp-content\/uploads\/2019\/05\/DCB_Concours_entete_fetes_peres_facebook.jpg","twitter_misc":{"Est. reading time":"1 minute"},"schema":{"@context":"https:\/\/schema.org","@graph":[{"@type":"WebPage","@id":"https:\/\/chateaubromont.com\/en\/contest\/","url":"https:\/\/chateaubromont.com\/en\/contest\/","name":"Contest - Domaine Ch\u00e2teau-Bromont - Domaine Ch\u00e2teau-Bromont","isPartOf":{"@id":"https:\/\/chateaubromont.com\/#website"},"primaryImageOfPage":{"@id":"https:\/\/chateaubromont.com\/en\/contest\/#primaryimage"},"image":{"@id":"https:\/\/chateaubromont.com\/en\/contest\/#primaryimage"},"thumbnailUrl":"https:\/\/chateaubromont.com\/wp-content\/uploads\/2022\/09\/2021-07-04_Domaine-Chateau-Bromont_E21-46_808x553.jpg","datePublished":"2024-06-03T13:20:42+00:00","dateModified":"2024-06-03T13:49:28+00:00","description":"We're giving you the chance to win an $800 stay at the H\u00f4tel Ch\u00e2teau-Bromont.","breadcrumb":{"@id":"https:\/\/chateaubromont.com\/en\/contest\/#breadcrumb"},"inLanguage":"en-CA","potentialAction":[{"@type":"ReadAction","target":["https:\/\/chateaubromont.com\/en\/contest\/"]}]},{"@type":"ImageObject","inLanguage":"en-CA","@id":"https:\/\/chateaubromont.com\/en\/contest\/#primaryimage","url":"https:\/\/chateaubromont.com\/wp-content\/uploads\/2022\/09\/2021-07-04_Domaine-Chateau-Bromont_E21-46_808x553.jpg","contentUrl":"https:\/\/chateaubromont.com\/wp-content\/uploads\/2022\/09\/2021-07-04_Domaine-Chateau-Bromont_E21-46_808x553.jpg","width":808,"height":553},{"@type":"BreadcrumbList","@id":"https:\/\/chateaubromont.com\/en\/contest\/#breadcrumb","itemListElement":[{"@type":"ListItem","position":1,"name":"Home","item":"https:\/\/chateaubromont.com\/en\/"},{"@type":"ListItem","position":2,"name":"Contest &#8211; Domaine Ch\u00e2teau-Bromont"}]},{"@type":"WebSite","@id":"https:\/\/chateaubromont.com\/#website","url":"https:\/\/chateaubromont.com\/","name":"Domaine Ch\u00e2teau-Bromont","description":"L&#039;espace d&#039;un instant","publisher":{"@id":"https:\/\/chateaubromont.com\/#organization"},"potentialAction":[{"@type":"SearchAction","target":{"@type":"EntryPoint","urlTemplate":"https:\/\/chateaubromont.com\/?s={search_term_string}"},"query-input":{"@type":"PropertyValueSpecification","valueRequired":true,"valueName":"search_term_string"}}],"inLanguage":"en-CA"},{"@type":"Organization","@id":"https:\/\/chateaubromont.com\/#organization","name":"Domaine Ch\u00e2teau-Bromont","url":"https:\/\/chateaubromont.com\/","logo":{"@type":"ImageObject","inLanguage":"en-CA","@id":"https:\/\/chateaubromont.com\/#\/schema\/logo\/image\/","url":"https:\/\/chateaubromont.com\/wp-content\/uploads\/2017\/05\/logo-domaine-chateau-bromont-signature-blanc.svg","contentUrl":"https:\/\/chateaubromont.com\/wp-content\/uploads\/2017\/05\/logo-domaine-chateau-bromont-signature-blanc.svg","width":1,"height":1,"caption":"Domaine Ch\u00e2teau-Bromont"},"image":{"@id":"https:\/\/chateaubromont.com\/#\/schema\/logo\/image\/"}}]}},"_links":{"self":[{"href":"https:\/\/chateaubromont.com\/en\/wp-json\/wp\/v2\/pages\/86047","targetHints":{"allow":["GET"]}}],"collection":[{"href":"https:\/\/chateaubromont.com\/en\/wp-json\/wp\/v2\/pages"}],"about":[{"href":"https:\/\/chateaubromont.com\/en\/wp-json\/wp\/v2\/types\/page"}],"author":[{"embeddable":true,"href":"https:\/\/chateaubromont.com\/en\/wp-json\/wp\/v2\/users\/105"}],"replies":[{"embeddable":true,"href":"https:\/\/chateaubromont.com\/en\/wp-json\/wp\/v2\/comments?post=86047"}],"version-history":[{"count":4,"href":"https:\/\/chateaubromont.com\/en\/wp-json\/wp\/v2\/pages\/86047\/revisions"}],"predecessor-version":[{"id":86074,"href":"https:\/\/chateaubromont.com\/en\/wp-json\/wp\/v2\/pages\/86047\/revisions\/86074"}],"wp:featuredmedia":[{"embeddable":true,"href":"https:\/\/chateaubromont.com\/en\/wp-json\/wp\/v2\/media\/80236"}],"wp:attachment":[{"href":"https:\/\/chateaubromont.com\/en\/wp-json\/wp\/v2\/media?parent=86047"}],"curies":[{"name":"wp","href":"https:\/\/api.w.org\/{rel}","templated":true}]}}