{"id":74624,"date":"2020-12-02T15:54:41","date_gmt":"2020-12-14T22:30:27","guid":{"rendered":"https:\/\/chateaubromont.com\/?post_type=product&#038;p=74624"},"modified":"2025-11-05T13:48:11","modified_gmt":"2025-11-05T18:48:11","slug":"gift-certificate-a-moment-without-compromise","status":"publish","type":"product","link":"https:\/\/chateaubromont.com\/en\/produit\/gift-certificate-a-moment-without-compromise\/","title":{"rendered":"Gift Certificate A moment without compromise"},"content":{"rendered":"<p class=\"_04xlpA direction-ltr align-center para-style-subtitle\"><strong>$471.00 + taxes<\/strong><\/p>\n<p class=\"_04xlpA direction-ltr align-center para-style-subtitle\">The package for two people includes:<\/p>\n<ul class=\"list-bullets\">\n<li>A night stay at H\u00f4tel Ch\u00e2teau-Bromont<\/li>\n<li>Full breakfast<\/li>\n<li>4-course table d&#8217;h\u00f4te dinner at Les 4 Canards restaurant (reservation required)<\/li>\n<li>Access to facilities: hot tubs on terrace, indoor pool, outdoor pool in season, exercise room<\/li>\n<li>The lodging tax of 3.5% is included in the subtotal before GST\/QST ($479.71)<\/li>\n<\/ul>\n<p><em>Please allow 48 hours between purchase and use of the gift certificate.<\/em><\/p>\n","protected":false},"excerpt":{"rendered":"<p>$471.00 + taxes The package for two people includes: A night stay at H\u00f4tel Ch\u00e2teau-Bromont Full breakfast 4-course table d&#8217;h\u00f4te dinner at Les 4 Canards restaurant (reservation required) Access to facilities: hot tubs on terrace, indoor pool, outdoor pool in season, exercise room The lodging tax of 3.5% is included in the subtotal before GST\/QST [&hellip;]<\/p>\n","protected":false},"featured_media":77483,"comment_status":"open","ping_status":"closed","template":"","meta":{"_acf_changed":false},"product_brand":[],"product_cat":[143],"product_tag":[],"class_list":{"0":"post-74624","1":"product","2":"type-product","3":"status-publish","4":"has-post-thumbnail","6":"product_cat-shop","7":"product_shipping_class-carte-cadeau-en","9":"first","10":"instock","11":"taxable","12":"shipping-taxable","13":"purchasable","14":"product-type-simple"},"acf":[],"yoast_head":"<!-- This site is optimized with the Yoast SEO plugin v27.0 - https:\/\/yoast.com\/product\/yoast-seo-wordpress\/ -->\n<title>Gift Certificate A moment without compromise - Domaine Ch\u00e2teau-Bromont<\/title>\n<meta name=\"description\" content=\"One night&#039;s accommodation in a comfort room at H\u00f4tel Ch\u00e2teau-Bromont, full breakfast, 4-course table d&#039;h\u00f4te dinner at Les 4 Canards restaurant and access to facilities: whirlpool baths on the terrace, indoor pool, outdoor pool in season, exercise room.\" \/>\n<meta name=\"robots\" content=\"index, follow, max-snippet:-1, max-image-preview:large, max-video-preview:-1\" \/>\n<link rel=\"canonical\" href=\"https:\/\/chateaubromont.com\/en\/produit\/gift-certificate-a-moment-without-compromise\/\" \/>\n<meta property=\"og:locale\" content=\"en_US\" \/>\n<meta property=\"og:type\" content=\"article\" \/>\n<meta property=\"og:title\" content=\"Gift Certificate A moment without compromise - Domaine Ch\u00e2teau-Bromont\" \/>\n<meta property=\"og:description\" content=\"One night&#039;s accommodation in a comfort room at H\u00f4tel Ch\u00e2teau-Bromont, full breakfast, 4-course table d&#039;h\u00f4te dinner at Les 4 Canards restaurant and access to facilities: whirlpool baths on the terrace, indoor pool, outdoor pool in season, exercise room.\" \/>\n<meta property=\"og:url\" content=\"https:\/\/chateaubromont.com\/en\/produit\/gift-certificate-a-moment-without-compromise\/\" \/>\n<meta property=\"og:site_name\" content=\"Domaine Ch\u00e2teau-Bromont\" \/>\n<meta property=\"article:modified_time\" content=\"2025-11-05T18:48:11+00:00\" \/>\n<meta property=\"og:image\" content=\"https:\/\/chateaubromont.com\/wp-content\/uploads\/2020\/11\/Thumbnail-WP.jpg\" \/>\n\t<meta property=\"og:image:width\" content=\"1200\" \/>\n\t<meta property=\"og:image:height\" content=\"630\" \/>\n\t<meta property=\"og:image:type\" content=\"image\/jpeg\" \/>\n<meta name=\"twitter:card\" content=\"summary_large_image\" \/>\n<meta name=\"twitter:label1\" content=\"Est. reading time\" \/>\n\t<meta name=\"twitter:data1\" content=\"1 minute\" \/>\n<script type=\"application\/ld+json\" class=\"yoast-schema-graph\">{\"@context\":\"https:\/\/schema.org\",\"@graph\":[{\"@type\":\"WebPage\",\"@id\":\"https:\/\/chateaubromont.com\/en\/produit\/gift-certificate-a-moment-without-compromise\/\",\"url\":\"https:\/\/chateaubromont.com\/en\/produit\/gift-certificate-a-moment-without-compromise\/\",\"name\":\"Gift Certificate A moment without compromise - Domaine Ch\u00e2teau-Bromont\",\"isPartOf\":{\"@id\":\"https:\/\/chateaubromont.com\/#website\"},\"primaryImageOfPage\":{\"@id\":\"https:\/\/chateaubromont.com\/en\/produit\/gift-certificate-a-moment-without-compromise\/#primaryimage\"},\"image\":{\"@id\":\"https:\/\/chateaubromont.com\/en\/produit\/gift-certificate-a-moment-without-compromise\/#primaryimage\"},\"thumbnailUrl\":\"https:\/\/chateaubromont.com\/wp-content\/uploads\/2021\/11\/Eric_Gagnon_Carr\u00e9agneau07799-scaled.jpg\",\"datePublished\":\"2020-12-14T22:30:27+00:00\",\"dateModified\":\"2025-11-05T18:48:11+00:00\",\"description\":\"One night's accommodation in a comfort room at H\u00f4tel Ch\u00e2teau-Bromont, full breakfast, 4-course table d'h\u00f4te dinner at Les 4 Canards restaurant and access to facilities: whirlpool baths on the terrace, indoor pool, outdoor pool in season, exercise room.\",\"breadcrumb\":{\"@id\":\"https:\/\/chateaubromont.com\/en\/produit\/gift-certificate-a-moment-without-compromise\/#breadcrumb\"},\"inLanguage\":\"en-CA\",\"potentialAction\":[{\"@type\":\"ReadAction\",\"target\":[\"https:\/\/chateaubromont.com\/en\/produit\/gift-certificate-a-moment-without-compromise\/\"]}]},{\"@type\":\"ImageObject\",\"inLanguage\":\"en-CA\",\"@id\":\"https:\/\/chateaubromont.com\/en\/produit\/gift-certificate-a-moment-without-compromise\/#primaryimage\",\"url\":\"https:\/\/chateaubromont.com\/wp-content\/uploads\/2021\/11\/Eric_Gagnon_Carr\u00e9agneau07799-scaled.jpg\",\"contentUrl\":\"https:\/\/chateaubromont.com\/wp-content\/uploads\/2021\/11\/Eric_Gagnon_Carr\u00e9agneau07799-scaled.jpg\",\"width\":2560,\"height\":1770},{\"@type\":\"BreadcrumbList\",\"@id\":\"https:\/\/chateaubromont.com\/en\/produit\/gift-certificate-a-moment-without-compromise\/#breadcrumb\",\"itemListElement\":[{\"@type\":\"ListItem\",\"position\":1,\"name\":\"Home\",\"item\":\"https:\/\/chateaubromont.com\/en\/\"},{\"@type\":\"ListItem\",\"position\":2,\"name\":\"Shop\",\"item\":\"https:\/\/chateaubromont.com\/en\/shop\/\"},{\"@type\":\"ListItem\",\"position\":3,\"name\":\"Gift Certificate A moment without compromise\"}]},{\"@type\":\"WebSite\",\"@id\":\"https:\/\/chateaubromont.com\/#website\",\"url\":\"https:\/\/chateaubromont.com\/\",\"name\":\"Domaine Ch\u00e2teau-Bromont\",\"description\":\"L&#039;espace d&#039;un instant\",\"publisher\":{\"@id\":\"https:\/\/chateaubromont.com\/#organization\"},\"potentialAction\":[{\"@type\":\"SearchAction\",\"target\":{\"@type\":\"EntryPoint\",\"urlTemplate\":\"https:\/\/chateaubromont.com\/?s={search_term_string}\"},\"query-input\":{\"@type\":\"PropertyValueSpecification\",\"valueRequired\":true,\"valueName\":\"search_term_string\"}}],\"inLanguage\":\"en-CA\"},{\"@type\":\"Organization\",\"@id\":\"https:\/\/chateaubromont.com\/#organization\",\"name\":\"Domaine Ch\u00e2teau-Bromont\",\"url\":\"https:\/\/chateaubromont.com\/\",\"logo\":{\"@type\":\"ImageObject\",\"inLanguage\":\"en-CA\",\"@id\":\"https:\/\/chateaubromont.com\/#\/schema\/logo\/image\/\",\"url\":\"https:\/\/chateaubromont.com\/wp-content\/uploads\/2017\/05\/logo-domaine-chateau-bromont-signature-blanc.svg\",\"contentUrl\":\"https:\/\/chateaubromont.com\/wp-content\/uploads\/2017\/05\/logo-domaine-chateau-bromont-signature-blanc.svg\",\"width\":1,\"height\":1,\"caption\":\"Domaine Ch\u00e2teau-Bromont\"},\"image\":{\"@id\":\"https:\/\/chateaubromont.com\/#\/schema\/logo\/image\/\"}}]}<\/script>\n<!-- \/ Yoast SEO plugin. -->","yoast_head_json":{"title":"Gift Certificate A moment without compromise - Domaine Ch\u00e2teau-Bromont","description":"One night's accommodation in a comfort room at H\u00f4tel Ch\u00e2teau-Bromont, full breakfast, 4-course table d'h\u00f4te dinner at Les 4 Canards restaurant and access to facilities: whirlpool baths on the terrace, indoor pool, outdoor pool in season, exercise room.","robots":{"index":"index","follow":"follow","max-snippet":"max-snippet:-1","max-image-preview":"max-image-preview:large","max-video-preview":"max-video-preview:-1"},"canonical":"https:\/\/chateaubromont.com\/en\/produit\/gift-certificate-a-moment-without-compromise\/","og_locale":"en_US","og_type":"article","og_title":"Gift Certificate A moment without compromise - Domaine Ch\u00e2teau-Bromont","og_description":"One night's accommodation in a comfort room at H\u00f4tel Ch\u00e2teau-Bromont, full breakfast, 4-course table d'h\u00f4te dinner at Les 4 Canards restaurant and access to facilities: whirlpool baths on the terrace, indoor pool, outdoor pool in season, exercise room.","og_url":"https:\/\/chateaubromont.com\/en\/produit\/gift-certificate-a-moment-without-compromise\/","og_site_name":"Domaine Ch\u00e2teau-Bromont","article_modified_time":"2025-11-05T18:48:11+00:00","og_image":[{"width":1200,"height":630,"url":"https:\/\/chateaubromont.com\/wp-content\/uploads\/2020\/11\/Thumbnail-WP.jpg","type":"image\/jpeg"}],"twitter_card":"summary_large_image","twitter_misc":{"Est. reading time":"1 minute"},"schema":{"@context":"https:\/\/schema.org","@graph":[{"@type":"WebPage","@id":"https:\/\/chateaubromont.com\/en\/produit\/gift-certificate-a-moment-without-compromise\/","url":"https:\/\/chateaubromont.com\/en\/produit\/gift-certificate-a-moment-without-compromise\/","name":"Gift Certificate A moment without compromise - Domaine Ch\u00e2teau-Bromont","isPartOf":{"@id":"https:\/\/chateaubromont.com\/#website"},"primaryImageOfPage":{"@id":"https:\/\/chateaubromont.com\/en\/produit\/gift-certificate-a-moment-without-compromise\/#primaryimage"},"image":{"@id":"https:\/\/chateaubromont.com\/en\/produit\/gift-certificate-a-moment-without-compromise\/#primaryimage"},"thumbnailUrl":"https:\/\/chateaubromont.com\/wp-content\/uploads\/2021\/11\/Eric_Gagnon_Carr\u00e9agneau07799-scaled.jpg","datePublished":"2020-12-14T22:30:27+00:00","dateModified":"2025-11-05T18:48:11+00:00","description":"One night's accommodation in a comfort room at H\u00f4tel Ch\u00e2teau-Bromont, full breakfast, 4-course table d'h\u00f4te dinner at Les 4 Canards restaurant and access to facilities: whirlpool baths on the terrace, indoor pool, outdoor pool in season, exercise room.","breadcrumb":{"@id":"https:\/\/chateaubromont.com\/en\/produit\/gift-certificate-a-moment-without-compromise\/#breadcrumb"},"inLanguage":"en-CA","potentialAction":[{"@type":"ReadAction","target":["https:\/\/chateaubromont.com\/en\/produit\/gift-certificate-a-moment-without-compromise\/"]}]},{"@type":"ImageObject","inLanguage":"en-CA","@id":"https:\/\/chateaubromont.com\/en\/produit\/gift-certificate-a-moment-without-compromise\/#primaryimage","url":"https:\/\/chateaubromont.com\/wp-content\/uploads\/2021\/11\/Eric_Gagnon_Carr\u00e9agneau07799-scaled.jpg","contentUrl":"https:\/\/chateaubromont.com\/wp-content\/uploads\/2021\/11\/Eric_Gagnon_Carr\u00e9agneau07799-scaled.jpg","width":2560,"height":1770},{"@type":"BreadcrumbList","@id":"https:\/\/chateaubromont.com\/en\/produit\/gift-certificate-a-moment-without-compromise\/#breadcrumb","itemListElement":[{"@type":"ListItem","position":1,"name":"Home","item":"https:\/\/chateaubromont.com\/en\/"},{"@type":"ListItem","position":2,"name":"Shop","item":"https:\/\/chateaubromont.com\/en\/shop\/"},{"@type":"ListItem","position":3,"name":"Gift Certificate A moment without compromise"}]},{"@type":"WebSite","@id":"https:\/\/chateaubromont.com\/#website","url":"https:\/\/chateaubromont.com\/","name":"Domaine Ch\u00e2teau-Bromont","description":"L&#039;espace d&#039;un instant","publisher":{"@id":"https:\/\/chateaubromont.com\/#organization"},"potentialAction":[{"@type":"SearchAction","target":{"@type":"EntryPoint","urlTemplate":"https:\/\/chateaubromont.com\/?s={search_term_string}"},"query-input":{"@type":"PropertyValueSpecification","valueRequired":true,"valueName":"search_term_string"}}],"inLanguage":"en-CA"},{"@type":"Organization","@id":"https:\/\/chateaubromont.com\/#organization","name":"Domaine Ch\u00e2teau-Bromont","url":"https:\/\/chateaubromont.com\/","logo":{"@type":"ImageObject","inLanguage":"en-CA","@id":"https:\/\/chateaubromont.com\/#\/schema\/logo\/image\/","url":"https:\/\/chateaubromont.com\/wp-content\/uploads\/2017\/05\/logo-domaine-chateau-bromont-signature-blanc.svg","contentUrl":"https:\/\/chateaubromont.com\/wp-content\/uploads\/2017\/05\/logo-domaine-chateau-bromont-signature-blanc.svg","width":1,"height":1,"caption":"Domaine Ch\u00e2teau-Bromont"},"image":{"@id":"https:\/\/chateaubromont.com\/#\/schema\/logo\/image\/"}}]}},"_links":{"self":[{"href":"https:\/\/chateaubromont.com\/en\/wp-json\/wp\/v2\/product\/74624","targetHints":{"allow":["GET"]}}],"collection":[{"href":"https:\/\/chateaubromont.com\/en\/wp-json\/wp\/v2\/product"}],"about":[{"href":"https:\/\/chateaubromont.com\/en\/wp-json\/wp\/v2\/types\/product"}],"replies":[{"embeddable":true,"href":"https:\/\/chateaubromont.com\/en\/wp-json\/wp\/v2\/comments?post=74624"}],"wp:featuredmedia":[{"embeddable":true,"href":"https:\/\/chateaubromont.com\/en\/wp-json\/wp\/v2\/media\/77483"}],"wp:attachment":[{"href":"https:\/\/chateaubromont.com\/en\/wp-json\/wp\/v2\/media?parent=74624"}],"wp:term":[{"taxonomy":"product_brand","embeddable":true,"href":"https:\/\/chateaubromont.com\/en\/wp-json\/wp\/v2\/product_brand?post=74624"},{"taxonomy":"product_cat","embeddable":true,"href":"https:\/\/chateaubromont.com\/en\/wp-json\/wp\/v2\/product_cat?post=74624"},{"taxonomy":"product_tag","embeddable":true,"href":"https:\/\/chateaubromont.com\/en\/wp-json\/wp\/v2\/product_tag?post=74624"}],"curies":[{"name":"wp","href":"https:\/\/api.w.org\/{rel}","templated":true}]}}